{"id":16219,"date":"2020-12-15T12:27:47","date_gmt":"2020-12-15T11:27:47","guid":{"rendered":"https:\/\/pomoc.cencert.pl\/%d0%ba%d0%be%d0%bd%d1%82%d0%b0%d0%ba%d1%82\/"},"modified":"2024-11-15T15:42:59","modified_gmt":"2024-11-15T14:42:59","slug":"%d0%ba%d0%be%d0%bd%d1%82%d0%b0%d0%ba%d1%82","status":"publish","type":"page","link":"https:\/\/pomoc.cencert.pl\/ru\/%d0%ba%d0%be%d0%bd%d1%82%d0%b0%d0%ba%d1%82\/","title":{"rendered":"\u041a\u043e\u043d\u0442\u0430\u043a\u0442"},"content":{"rendered":"\t\t<div data-elementor-type=\"wp-page\" data-elementor-id=\"16219\" class=\"elementor elementor-16219 elementor-200\" data-elementor-post-type=\"page\">\n\t\t\t\t\t\t<section class=\"elementor-section elementor-top-section elementor-element elementor-element-dbcc1ce elementor-section-boxed elementor-section-height-default elementor-section-height-default\" data-id=\"dbcc1ce\" data-element_type=\"section\">\n\t\t\t\t\t\t<div class=\"elementor-container elementor-column-gap-default\">\n\t\t\t\t\t<div class=\"elementor-column elementor-col-100 elementor-top-column elementor-element elementor-element-725d1e2\" data-id=\"725d1e2\" data-element_type=\"column\">\n\t\t\t<div class=\"elementor-widget-wrap elementor-element-populated\">\n\t\t\t\t\t\t<section class=\"elementor-section elementor-inner-section elementor-element elementor-element-d14d286 elementor-section-boxed elementor-section-height-default elementor-section-height-default\" data-id=\"d14d286\" data-element_type=\"section\">\n\t\t\t\t\t\t<div class=\"elementor-container elementor-column-gap-default\">\n\t\t\t\t\t<div class=\"elementor-column elementor-col-50 elementor-inner-column elementor-element elementor-element-8b07f99\" data-id=\"8b07f99\" data-element_type=\"column\">\n\t\t\t<div class=\"elementor-widget-wrap elementor-element-populated\">\n\t\t\t\t\t\t<div class=\"elementor-element elementor-element-8a2ba9c elementor-widget elementor-widget-breadcrumbs\" data-id=\"8a2ba9c\" data-element_type=\"widget\" data-widget_type=\"breadcrumbs.default\">\n\t\t\t\t<div class=\"elementor-widget-container\">\n\t\t\t\t\t<p id=\"breadcrumbs\"><span><span><a href=\"https:\/\/pomoc.cencert.pl\/ru\/%d0%b4%d0%be%d0%bc%d0%b0%d1%88%d0%bd%d1%8f%d1%8f-%d1%81%d1%82%d1%80%d0%b0%d0%bd%d0%b8%d1%86%d0%b0\/\">Strona g\u0142\u00f3wna<\/a><\/span><\/span><\/p>\t\t\t\t<\/div>\n\t\t\t\t<\/div>\n\t\t\t\t<div class=\"elementor-element elementor-element-36582ae elementor-widget elementor-widget-text-editor\" data-id=\"36582ae\" data-element_type=\"widget\" data-widget_type=\"text-editor.default\">\n\t\t\t\t<div class=\"elementor-widget-container\">\n\t\t\t\t\t\t\t\t\t<h3>\u0421\u0432\u044f\u0436\u0438\u0442\u0435\u0441\u044c \u0441 \u043d\u0430\u043c\u0438<\/h3>\n<p>\u0415\u0441\u043b\u0438 \u0443 \u0432\u0430\u0441 \u0435\u0441\u0442\u044c \u0432\u043e\u043f\u0440\u043e\u0441\u044b, \u0441\u0432\u044f\u0436\u0438\u0442\u0435\u0441\u044c \u0441 \u043d\u0430\u043c\u0438, \u0438\u0441\u043f\u043e\u043b\u044c\u0437\u0443\u044f \u0444\u043e\u0440\u043c\u0443.<\/p>\n\t\t\t\t\t\t\t\t<\/div>\n\t\t\t\t<\/div>\n\t\t\t\t<div class=\"elementor-element elementor-element-60a52db elementor-widget elementor-widget-wpforms\" data-id=\"60a52db\" data-element_type=\"widget\" data-widget_type=\"wpforms.default\">\n\t\t\t\t<div class=\"elementor-widget-container\">\n\t\t\t\t\t<style id=\"wpforms-css-vars-elementor-widget-60a52db\">\n\t\t\t\t.elementor-widget-wpforms.elementor-element-60a52db {\n\t\t\t\t--wpforms-field-border-radius: 4px;\n--wpforms-field-border-color: #EDEDED;\n--wpforms-field-border-color-spare: #EDEDED;\n--wpforms-field-text-color: #AAB4BB;\n--wpforms-label-color: #54595F;\n--wpforms-label-sublabel-color: #54595F;\n--wpforms-button-border-radius: 1px;\n--wpforms-button-background-color: #569FF4;\n--wpforms-button-text-color: #FFFFFF;\n\t\t\t}\n\t\t\t<\/style><div class=\"wpforms-container wpforms-container-full wpforms-render-modern\" id=\"wpforms-15167\"><form id=\"wpforms-form-15167\" class=\"wpforms-validate wpforms-form wpforms-ajax-form\" data-formid=\"15167\" method=\"post\" enctype=\"multipart\/form-data\" action=\"\/ru\/wp-json\/wp\/v2\/pages\/16219\" data-token=\"1b0f61147047431d143272e2598401bb\" data-token-time=\"1776962625\"><noscript class=\"wpforms-error-noscript\">\u0414\u043b\u044f \u0437\u0430\u043f\u043e\u043b\u043d\u0435\u043d\u0438\u044f \u0434\u0430\u043d\u043d\u043e\u0439 \u0444\u043e\u0440\u043c\u044b \u0432\u043a\u043b\u044e\u0447\u0438\u0442\u0435 JavaScript \u0432 \u0431\u0440\u0430\u0443\u0437\u0435\u0440\u0435.<\/noscript><div id=\"wpforms-error-noscript\" style=\"display: none;\">\u0414\u043b\u044f \u0437\u0430\u043f\u043e\u043b\u043d\u0435\u043d\u0438\u044f \u0434\u0430\u043d\u043d\u043e\u0439 \u0444\u043e\u0440\u043c\u044b \u0432\u043a\u043b\u044e\u0447\u0438\u0442\u0435 JavaScript \u0432 \u0431\u0440\u0430\u0443\u0437\u0435\u0440\u0435.<\/div><div class=\"wpforms-field-container\"><div id=\"wpforms-15167-field_0-container\" class=\"wpforms-field wpforms-field-name\" data-field-id=\"0\"><fieldset><legend class=\"wpforms-field-label\">Imi\u0119 i nazwisko <span class=\"wpforms-required-label\" aria-hidden=\"true\">*<\/span><\/legend><div class=\"wpforms-field-row wpforms-field-large\"><div class=\"wpforms-field-row-block wpforms-first wpforms-one-half\"><input type=\"text\" id=\"wpforms-15167-field_0\" class=\"wpforms-field-name-first wpforms-field-required\" name=\"wpforms[fields][0][first]\" aria-errormessage=\"wpforms-15167-field_0-error\" required><label for=\"wpforms-15167-field_0\" class=\"wpforms-field-sublabel after\">\u0418\u043c\u044f<\/label><\/div><div class=\"wpforms-field-row-block wpforms-one-half\"><input type=\"text\" id=\"wpforms-15167-field_0-last\" class=\"wpforms-field-name-last wpforms-field-required\" name=\"wpforms[fields][0][last]\" aria-errormessage=\"wpforms-15167-field_0-last-error\" required><label for=\"wpforms-15167-field_0-last\" class=\"wpforms-field-sublabel after\">\u0424\u0430\u043c\u0438\u043b\u0438\u044f<\/label><\/div><\/div><\/fieldset><\/div><div id=\"wpforms-15167-field_1-container\" class=\"wpforms-field wpforms-field-email\" data-field-id=\"1\"><label class=\"wpforms-field-label\" for=\"wpforms-15167-field_1\">Adres e-mail <span class=\"wpforms-required-label\" aria-hidden=\"true\">*<\/span><\/label><input type=\"email\" id=\"wpforms-15167-field_1\" class=\"wpforms-field-large wpforms-field-required\" name=\"wpforms[fields][1]\" spellcheck=\"false\" aria-errormessage=\"wpforms-15167-field_1-error\" required><\/div><div id=\"wpforms-15167-field_3-container\" class=\"wpforms-field wpforms-field-phone\" data-field-id=\"3\"><label class=\"wpforms-field-label\" for=\"wpforms-15167-field_3\">Numer telefonu <span class=\"wpforms-required-label\" aria-hidden=\"true\">*<\/span><\/label><input type=\"tel\" id=\"wpforms-15167-field_3\" class=\"wpforms-field-large wpforms-field-required wpforms-smart-phone-field\" data-rule-smart-phone-field=\"true\" name=\"wpforms[fields][3]\" aria-label=\"Numer telefonu\" aria-errormessage=\"wpforms-15167-field_3-error\" required><\/div><div id=\"wpforms-15167-field_2-container\" class=\"wpforms-field wpforms-field-textarea\" data-field-id=\"2\"><label class=\"wpforms-field-label\" for=\"wpforms-15167-field_2\">Wiadomo\u015b\u0107<\/label><textarea id=\"wpforms-15167-field_2\" class=\"wpforms-field-medium wpforms-limit-characters-enabled\" data-form-id=\"15167\" data-field-id=\"2\" data-text-limit=\"500\" name=\"wpforms[fields][2]\" placeholder=\"Tre\u015b\u0107 wiadomo\u015bci\" aria-errormessage=\"wpforms-15167-field_2-error\" maxlength=\"500\" ><\/textarea><\/div><div id=\"wpforms-15167-field_4-container\" class=\"wpforms-field wpforms-field-checkbox\" data-field-id=\"4\"><fieldset><legend class=\"wpforms-field-label wpforms-label-hide\" aria-hidden=\"false\">Zgoda <span class=\"wpforms-required-label\" aria-hidden=\"true\">*<\/span><\/legend><ul id=\"wpforms-15167-field_4\" class=\"wpforms-field-required\"><li class=\"choice-1 depth-1\"><input type=\"checkbox\" id=\"wpforms-15167-field_4_1\" name=\"wpforms[fields][4][]\" value=\"Wysy\u0142aj\u0105c do nas wiadomo\u015b\u0107, wyra\u017casz zgod\u0119 na przetwarzanie danych osobowych przez Enigma SOI Sp. z o.o. i przes\u0142anie dalszej korespondencji.\" aria-errormessage=\"wpforms-15167-field_4_1-error\" required ><label class=\"wpforms-field-label-inline\" for=\"wpforms-15167-field_4_1\">Wysy\u0142aj\u0105c do nas wiadomo\u015b\u0107, wyra\u017casz zgod\u0119 na przetwarzanie danych osobowych przez Enigma SOI Sp. z o.o. i przes\u0142anie dalszej korespondencji.<\/label><\/li><\/ul><\/fieldset><\/div><\/div><!-- .wpforms-field-container --><div class=\"wpforms-recaptcha-container wpforms-is-recaptcha wpforms-is-recaptcha-type-v3\" ><input type=\"hidden\" name=\"wpforms[recaptcha]\" value=\"\"><\/div><div class=\"wpforms-submit-container\" ><input type=\"hidden\" name=\"wpforms[id]\" value=\"15167\"><input type=\"hidden\" name=\"page_title\" value=\"\"><input type=\"hidden\" name=\"page_url\" value=\"https:\/\/pomoc.cencert.pl\/ru\/wp-json\/wp\/v2\/pages\/16219\"><input type=\"hidden\" name=\"url_referer\" value=\"\"><button type=\"submit\" name=\"wpforms[submit]\" id=\"wpforms-submit-15167\" class=\"wpforms-submit\" data-alt-text=\"Wysy\u0142anie...\" data-submit-text=\"Wy\u015blij wiadomo\u015b\u0107\" aria-live=\"assertive\" value=\"wpforms-submit\">Wy\u015blij wiadomo\u015b\u0107<\/button><img decoding=\"async\" src=\"https:\/\/pomoc.cencert.pl\/wp-content\/plugins\/wpforms\/assets\/images\/submit-spin.svg\" class=\"wpforms-submit-spinner\" style=\"display: none;\" width=\"26\" height=\"26\" alt=\"\u0417\u0430\u0433\u0440\u0443\u0437\u043a\u0430\"><\/div><\/form><\/div>  <!-- .wpforms-container -->\t\t\t\t<\/div>\n\t\t\t\t<\/div>\n\t\t\t\t\t<\/div>\n\t\t<\/div>\n\t\t\t\t<div class=\"elementor-column elementor-col-50 elementor-inner-column elementor-element elementor-element-2759814\" data-id=\"2759814\" data-element_type=\"column\">\n\t\t\t<div class=\"elementor-widget-wrap elementor-element-populated\">\n\t\t\t\t\t\t<div class=\"elementor-element elementor-element-4259c1b elementor-widget elementor-widget-image\" data-id=\"4259c1b\" data-element_type=\"widget\" data-widget_type=\"image.default\">\n\t\t\t\t<div class=\"elementor-widget-container\">\n\t\t\t\t\t\t\t\t\t\t\t\t\t\t\t<img decoding=\"async\" src=\"https:\/\/pomoc.cencert.pl\/wp-content\/uploads\/2024\/08\/kontakt.svg\" class=\"attachment-full size-full wp-image-16223\" alt=\"\" \/>\t\t\t\t\t\t\t\t\t\t\t\t\t\t\t<\/div>\n\t\t\t\t<\/div>\n\t\t\t\t\t<\/div>\n\t\t<\/div>\n\t\t\t\t\t<\/div>\n\t\t<\/section>\n\t\t\t\t\t<\/div>\n\t\t<\/div>\n\t\t\t\t\t<\/div>\n\t\t<\/section>\n\t\t\t\t<section class=\"elementor-section elementor-top-section elementor-element elementor-element-3baf0fa elementor-section-boxed elementor-section-height-default elementor-section-height-default\" data-id=\"3baf0fa\" data-element_type=\"section\">\n\t\t\t\t\t\t<div class=\"elementor-container elementor-column-gap-default\">\n\t\t\t\t\t<div class=\"elementor-column elementor-col-100 elementor-top-column elementor-element elementor-element-89bea2c\" data-id=\"89bea2c\" data-element_type=\"column\">\n\t\t\t<div class=\"elementor-widget-wrap elementor-element-populated\">\n\t\t\t\t\t\t<div class=\"elementor-element elementor-element-c19f5df elementor-widget elementor-widget-html\" data-id=\"c19f5df\" data-element_type=\"widget\" data-widget_type=\"html.default\">\n\t\t\t\t<div class=\"elementor-widget-container\">\n\t\t\t\t\t<iframe src=\"https:\/\/www.google.com\/maps\/embed?pb=!1m18!1m12!1m3!1d11613.662078804147!2d21.0138403380557!3d52.27113785718716!2m3!1f0!2f0!3f0!3m2!1i1024!2i768!4f13.1!3m3!1m2!1s0x471934a4e8bc1267%3A0x8a5e7e53e49ecd28!2sCentrum%20Certyfikacji%20Kluczy%20CenCert!5e0!3m2!1spl!2spl!4v1724941664411!5m2!1spl!2spl\" width=\"600\" height=\"450\" style=\"border:0;\" allowfullscreen=\"\" loading=\"lazy\" referrerpolicy=\"no-referrer-when-downgrade\"><\/iframe>\t\t\t\t<\/div>\n\t\t\t\t<\/div>\n\t\t\t\t\t<\/div>\n\t\t<\/div>\n\t\t\t\t\t<\/div>\n\t\t<\/section>\n\t\t\t\t<section class=\"elementor-section elementor-top-section elementor-element elementor-element-4edd860 elementor-section-boxed elementor-section-height-default elementor-section-height-default\" data-id=\"4edd860\" data-element_type=\"section\">\n\t\t\t\t\t\t<div class=\"elementor-container elementor-column-gap-default\">\n\t\t\t\t\t<div class=\"elementor-column elementor-col-50 elementor-top-column elementor-element elementor-element-8575202\" data-id=\"8575202\" data-element_type=\"column\">\n\t\t\t<div class=\"elementor-widget-wrap elementor-element-populated\">\n\t\t\t\t\t\t<div class=\"elementor-element elementor-element-ef18f22 elementor-view-default elementor-position-top elementor-mobile-position-top elementor-widget elementor-widget-icon-box\" data-id=\"ef18f22\" data-element_type=\"widget\" data-widget_type=\"icon-box.default\">\n\t\t\t\t<div class=\"elementor-widget-container\">\n\t\t\t\t\t\t\t<div class=\"elementor-icon-box-wrapper\">\n\n\t\t\t\t\t\t<div class=\"elementor-icon-box-icon\">\n\t\t\t\t<span  class=\"elementor-icon\">\n\t\t\t\t<i aria-hidden=\"true\" class=\"fas fa-map-marked-alt\"><\/i>\t\t\t\t<\/span>\n\t\t\t<\/div>\n\t\t\t\n\t\t\t\t\t\t<div class=\"elementor-icon-box-content\">\n\n\t\t\t\t\t\t\t\t\t<h4 class=\"elementor-icon-box-title\">\n\t\t\t\t\t\t<span  >\n\t\t\t\t\t\t\t\u0426\u0435\u043d\u0442\u0440\u0430\u043b\u044c\u043d\u044b\u0439 \u043f\u0443\u043d\u043a\u0442 \u0440\u0435\u0433\u0438\u0441\u0442\u0440\u0430\u0446\u0438\u0438 Centert\t\t\t\t\t\t<\/span>\n\t\t\t\t\t<\/h4>\n\t\t\t\t\n\t\t\t\t\t\t\t\t\t<p class=\"elementor-icon-box-description\">\n\t\t\t\t\t\t\u0443\u043b\u0438\u0446\u0430 \u042f\u0433\u0435\u043b\u043b\u043e\u043d\u0441\u043a\u0430\u044f 78, 03-301 \u0412\u0430\u0440\u0448\u0430\u0432\u0430<br> 2 \u044d\u0442\u0430\u0436, \u043a\u043e\u043c\u043d\u0430\u0442\u0430 3,45  \t\t\t\t\t<\/p>\n\t\t\t\t\n\t\t\t<\/div>\n\t\t\t\n\t\t<\/div>\n\t\t\t\t\t\t<\/div>\n\t\t\t\t<\/div>\n\t\t\t\t\t<\/div>\n\t\t<\/div>\n\t\t\t\t<div class=\"elementor-column elementor-col-50 elementor-top-column elementor-element elementor-element-16fbb5a\" data-id=\"16fbb5a\" data-element_type=\"column\">\n\t\t\t<div class=\"elementor-widget-wrap elementor-element-populated\">\n\t\t\t\t\t\t<div class=\"elementor-element elementor-element-bd0b32e elementor-view-default elementor-position-top elementor-mobile-position-top elementor-widget elementor-widget-icon-box\" data-id=\"bd0b32e\" data-element_type=\"widget\" data-widget_type=\"icon-box.default\">\n\t\t\t\t<div class=\"elementor-widget-container\">\n\t\t\t\t\t\t\t<div class=\"elementor-icon-box-wrapper\">\n\n\t\t\t\t\t\t<div class=\"elementor-icon-box-icon\">\n\t\t\t\t<span  class=\"elementor-icon\">\n\t\t\t\t<i aria-hidden=\"true\" class=\"fas fa-comments\"><\/i>\t\t\t\t<\/span>\n\t\t\t<\/div>\n\t\t\t\n\t\t\t\t\t\t<div class=\"elementor-icon-box-content\">\n\n\t\t\t\t\t\t\t\t\t<h4 class=\"elementor-icon-box-title\">\n\t\t\t\t\t\t<span  >\n\t\t\t\t\t\t\t\u0422\u0435\u0445\u043d\u0438\u0447\u0435\u0441\u043a\u0430\u044f \u043f\u043e\u0434\u0434\u0435\u0440\u0436\u043a\u0430\t\t\t\t\t\t<\/span>\n\t\t\t\t\t<\/h4>\n\t\t\t\t\n\t\t\t\t\t\t\t\t\t<p class=\"elementor-icon-box-description\">\n\t\t\t\t\t\t\u043e\u0442\u043a\u0440\u044b\u0442\u043e \u043f\u043e \u0431\u0443\u0434\u043d\u044f\u043c \u0441: 8:00 - 18:00<br> \u0442\u0435\u043b. +48 22 720 79 55 | +48 666 028 044  \t\t\t\t\t<\/p>\n\t\t\t\t\n\t\t\t<\/div>\n\t\t\t\n\t\t<\/div>\n\t\t\t\t\t\t<\/div>\n\t\t\t\t<\/div>\n\t\t\t\t\t<\/div>\n\t\t<\/div>\n\t\t\t\t\t<\/div>\n\t\t<\/section>\n\t\t\t\t<\/div>\n\t\t","protected":false},"excerpt":{"rendered":"<p>\u0421\u0432\u044f\u0436\u0438\u0442\u0435\u0441\u044c \u0441 \u043d\u0430\u043c\u0438 \u0415\u0441\u043b\u0438 \u0443 \u0432\u0430\u0441 \u0435\u0441\u0442\u044c \u0432\u043e\u043f\u0440\u043e\u0441\u044b, \u0441\u0432\u044f\u0436\u0438\u0442\u0435\u0441\u044c \u0441 \u043d\u0430\u043c\u0438, \u0438\u0441\u043f\u043e\u043b\u044c\u0437\u0443\u044f \u0444\u043e\u0440\u043c\u0443. Aby wype\u0142ni\u0107 ten formularz, w\u0142\u0105cz obs\u0142ug\u0119 JavaScript w przegl\u0105darce.Aby wype\u0142ni\u0107 ten formularz, w\u0142\u0105cz obs\u0142ug\u0119 JavaScript w przegl\u0105darce. Imi\u0119 i nazwisko * Imi\u0119Nazwisko Adres e-mail *Numer telefonu *Wiadomo\u015b\u0107Tre\u015b\u0107 wiadomo\u015bci Zgoda * Wysy\u0142aj\u0105c do nas wiadomo\u015b\u0107, wyra\u017casz zgod\u0119 na przetwarzanie danych osobowych przez Enigma [&hellip;]<\/p>\n","protected":false},"author":543,"featured_media":0,"parent":0,"menu_order":0,"comment_status":"closed","ping_status":"closed","template":"","meta":{"footnotes":""},"class_list":["post-16219","page","type-page","status-publish","hentry"],"yoast_head":"<!-- This site is optimized with the Yoast SEO plugin v26.1.1 - https:\/\/yoast.com\/wordpress\/plugins\/seo\/ -->\n<title>\u041a\u043e\u043d\u0442\u0430\u043a\u0442 - Strona pomocy Cencert<\/title>\n<meta name=\"robots\" content=\"index, follow, max-snippet:-1, max-image-preview:large, max-video-preview:-1\" \/>\n<link rel=\"canonical\" href=\"https:\/\/pomoc.cencert.pl\/ru\/%d0%ba%d0%be%d0%bd%d1%82%d0%b0%d0%ba%d1%82\/\" \/>\n<meta property=\"og:locale\" content=\"ru_RU\" \/>\n<meta property=\"og:type\" content=\"article\" \/>\n<meta property=\"og:title\" content=\"\u041a\u043e\u043d\u0442\u0430\u043a\u0442 - Strona pomocy Cencert\" \/>\n<meta property=\"og:description\" content=\"\u0421\u0432\u044f\u0436\u0438\u0442\u0435\u0441\u044c \u0441 \u043d\u0430\u043c\u0438 \u0415\u0441\u043b\u0438 \u0443 \u0432\u0430\u0441 \u0435\u0441\u0442\u044c \u0432\u043e\u043f\u0440\u043e\u0441\u044b, \u0441\u0432\u044f\u0436\u0438\u0442\u0435\u0441\u044c \u0441 \u043d\u0430\u043c\u0438, \u0438\u0441\u043f\u043e\u043b\u044c\u0437\u0443\u044f \u0444\u043e\u0440\u043c\u0443. Aby wype\u0142ni\u0107 ten formularz, w\u0142\u0105cz obs\u0142ug\u0119 JavaScript w przegl\u0105darce.Aby wype\u0142ni\u0107 ten formularz, w\u0142\u0105cz obs\u0142ug\u0119 JavaScript w przegl\u0105darce. Imi\u0119 i nazwisko * Imi\u0119Nazwisko Adres e-mail *Numer telefonu *Wiadomo\u015b\u0107Tre\u015b\u0107 wiadomo\u015bci Zgoda * Wysy\u0142aj\u0105c do nas wiadomo\u015b\u0107, wyra\u017casz zgod\u0119 na przetwarzanie danych osobowych przez Enigma [&hellip;]\" \/>\n<meta property=\"og:url\" content=\"https:\/\/pomoc.cencert.pl\/ru\/%d0%ba%d0%be%d0%bd%d1%82%d0%b0%d0%ba%d1%82\/\" \/>\n<meta property=\"og:site_name\" content=\"Strona pomocy Cencert\" \/>\n<meta property=\"article:modified_time\" content=\"2024-11-15T14:42:59+00:00\" \/>\n<meta property=\"og:image\" content=\"https:\/\/pomoc.cencert.pl\/wp-content\/plugins\/wpforms\/assets\/images\/submit-spin.svg\" \/>\n<meta name=\"twitter:card\" content=\"summary_large_image\" \/>\n<script type=\"application\/ld+json\" class=\"yoast-schema-graph\">{\"@context\":\"https:\/\/schema.org\",\"@graph\":[{\"@type\":\"WebPage\",\"@id\":\"https:\/\/pomoc.cencert.pl\/ru\/%d0%ba%d0%be%d0%bd%d1%82%d0%b0%d0%ba%d1%82\/\",\"url\":\"https:\/\/pomoc.cencert.pl\/ru\/%d0%ba%d0%be%d0%bd%d1%82%d0%b0%d0%ba%d1%82\/\",\"name\":\"\u041a\u043e\u043d\u0442\u0430\u043a\u0442 - Strona pomocy Cencert\",\"isPartOf\":{\"@id\":\"https:\/\/pomoc.cencert.pl\/ru\/#website\"},\"primaryImageOfPage\":{\"@id\":\"https:\/\/pomoc.cencert.pl\/ru\/%d0%ba%d0%be%d0%bd%d1%82%d0%b0%d0%ba%d1%82\/#primaryimage\"},\"image\":{\"@id\":\"https:\/\/pomoc.cencert.pl\/ru\/%d0%ba%d0%be%d0%bd%d1%82%d0%b0%d0%ba%d1%82\/#primaryimage\"},\"thumbnailUrl\":\"https:\/\/pomoc.cencert.pl\/wp-content\/plugins\/wpforms\/assets\/images\/submit-spin.svg\",\"datePublished\":\"2020-12-15T11:27:47+00:00\",\"dateModified\":\"2024-11-15T14:42:59+00:00\",\"breadcrumb\":{\"@id\":\"https:\/\/pomoc.cencert.pl\/ru\/%d0%ba%d0%be%d0%bd%d1%82%d0%b0%d0%ba%d1%82\/#breadcrumb\"},\"inLanguage\":\"ru-RU\",\"potentialAction\":[{\"@type\":\"ReadAction\",\"target\":[\"https:\/\/pomoc.cencert.pl\/ru\/%d0%ba%d0%be%d0%bd%d1%82%d0%b0%d0%ba%d1%82\/\"]}]},{\"@type\":\"ImageObject\",\"inLanguage\":\"ru-RU\",\"@id\":\"https:\/\/pomoc.cencert.pl\/ru\/%d0%ba%d0%be%d0%bd%d1%82%d0%b0%d0%ba%d1%82\/#primaryimage\",\"url\":\"https:\/\/pomoc.cencert.pl\/wp-content\/plugins\/wpforms\/assets\/images\/submit-spin.svg\",\"contentUrl\":\"https:\/\/pomoc.cencert.pl\/wp-content\/plugins\/wpforms\/assets\/images\/submit-spin.svg\"},{\"@type\":\"BreadcrumbList\",\"@id\":\"https:\/\/pomoc.cencert.pl\/ru\/%d0%ba%d0%be%d0%bd%d1%82%d0%b0%d0%ba%d1%82\/#breadcrumb\",\"itemListElement\":[{\"@type\":\"ListItem\",\"position\":1,\"name\":\"Strona g\u0142\u00f3wna\",\"item\":\"https:\/\/pomoc.cencert.pl\/ru\/%d0%b4%d0%be%d0%bc%d0%b0%d1%88%d0%bd%d1%8f%d1%8f-%d1%81%d1%82%d1%80%d0%b0%d0%bd%d0%b8%d1%86%d0%b0\/\"},{\"@type\":\"ListItem\",\"position\":2,\"name\":\"\u041a\u043e\u043d\u0442\u0430\u043a\u0442\"}]},{\"@type\":\"WebSite\",\"@id\":\"https:\/\/pomoc.cencert.pl\/ru\/#website\",\"url\":\"https:\/\/pomoc.cencert.pl\/ru\/\",\"name\":\"Strona pomocy Cencert\",\"description\":\"Strona pomocy Cencert\",\"publisher\":{\"@id\":\"https:\/\/pomoc.cencert.pl\/ru\/#organization\"},\"potentialAction\":[{\"@type\":\"SearchAction\",\"target\":{\"@type\":\"EntryPoint\",\"urlTemplate\":\"https:\/\/pomoc.cencert.pl\/ru\/?s={search_term_string}\"},\"query-input\":{\"@type\":\"PropertyValueSpecification\",\"valueRequired\":true,\"valueName\":\"search_term_string\"}}],\"inLanguage\":\"ru-RU\"},{\"@type\":\"Organization\",\"@id\":\"https:\/\/pomoc.cencert.pl\/ru\/#organization\",\"name\":\"Strona pomocy Cencert\",\"url\":\"https:\/\/pomoc.cencert.pl\/ru\/\",\"logo\":{\"@type\":\"ImageObject\",\"inLanguage\":\"ru-RU\",\"@id\":\"https:\/\/pomoc.cencert.pl\/ru\/#\/schema\/logo\/image\/\",\"url\":\"https:\/\/pomoc.cencert.pl\/wp-content\/uploads\/2024\/07\/POMOC3.png\",\"contentUrl\":\"https:\/\/pomoc.cencert.pl\/wp-content\/uploads\/2024\/07\/POMOC3.png\",\"width\":2000,\"height\":400,\"caption\":\"Strona pomocy Cencert\"},\"image\":{\"@id\":\"https:\/\/pomoc.cencert.pl\/ru\/#\/schema\/logo\/image\/\"}}]}<\/script>\n<!-- \/ Yoast SEO plugin. -->","yoast_head_json":{"title":"\u041a\u043e\u043d\u0442\u0430\u043a\u0442 - Strona pomocy Cencert","robots":{"index":"index","follow":"follow","max-snippet":"max-snippet:-1","max-image-preview":"max-image-preview:large","max-video-preview":"max-video-preview:-1"},"canonical":"https:\/\/pomoc.cencert.pl\/ru\/%d0%ba%d0%be%d0%bd%d1%82%d0%b0%d0%ba%d1%82\/","og_locale":"ru_RU","og_type":"article","og_title":"\u041a\u043e\u043d\u0442\u0430\u043a\u0442 - Strona pomocy Cencert","og_description":"\u0421\u0432\u044f\u0436\u0438\u0442\u0435\u0441\u044c \u0441 \u043d\u0430\u043c\u0438 \u0415\u0441\u043b\u0438 \u0443 \u0432\u0430\u0441 \u0435\u0441\u0442\u044c \u0432\u043e\u043f\u0440\u043e\u0441\u044b, \u0441\u0432\u044f\u0436\u0438\u0442\u0435\u0441\u044c \u0441 \u043d\u0430\u043c\u0438, \u0438\u0441\u043f\u043e\u043b\u044c\u0437\u0443\u044f \u0444\u043e\u0440\u043c\u0443. Aby wype\u0142ni\u0107 ten formularz, w\u0142\u0105cz obs\u0142ug\u0119 JavaScript w przegl\u0105darce.Aby wype\u0142ni\u0107 ten formularz, w\u0142\u0105cz obs\u0142ug\u0119 JavaScript w przegl\u0105darce. Imi\u0119 i nazwisko * Imi\u0119Nazwisko Adres e-mail *Numer telefonu *Wiadomo\u015b\u0107Tre\u015b\u0107 wiadomo\u015bci Zgoda * Wysy\u0142aj\u0105c do nas wiadomo\u015b\u0107, wyra\u017casz zgod\u0119 na przetwarzanie danych osobowych przez Enigma [&hellip;]","og_url":"https:\/\/pomoc.cencert.pl\/ru\/%d0%ba%d0%be%d0%bd%d1%82%d0%b0%d0%ba%d1%82\/","og_site_name":"Strona pomocy Cencert","article_modified_time":"2024-11-15T14:42:59+00:00","og_image":[{"url":"https:\/\/pomoc.cencert.pl\/wp-content\/plugins\/wpforms\/assets\/images\/submit-spin.svg","type":"","width":"","height":""}],"twitter_card":"summary_large_image","schema":{"@context":"https:\/\/schema.org","@graph":[{"@type":"WebPage","@id":"https:\/\/pomoc.cencert.pl\/ru\/%d0%ba%d0%be%d0%bd%d1%82%d0%b0%d0%ba%d1%82\/","url":"https:\/\/pomoc.cencert.pl\/ru\/%d0%ba%d0%be%d0%bd%d1%82%d0%b0%d0%ba%d1%82\/","name":"\u041a\u043e\u043d\u0442\u0430\u043a\u0442 - Strona pomocy Cencert","isPartOf":{"@id":"https:\/\/pomoc.cencert.pl\/ru\/#website"},"primaryImageOfPage":{"@id":"https:\/\/pomoc.cencert.pl\/ru\/%d0%ba%d0%be%d0%bd%d1%82%d0%b0%d0%ba%d1%82\/#primaryimage"},"image":{"@id":"https:\/\/pomoc.cencert.pl\/ru\/%d0%ba%d0%be%d0%bd%d1%82%d0%b0%d0%ba%d1%82\/#primaryimage"},"thumbnailUrl":"https:\/\/pomoc.cencert.pl\/wp-content\/plugins\/wpforms\/assets\/images\/submit-spin.svg","datePublished":"2020-12-15T11:27:47+00:00","dateModified":"2024-11-15T14:42:59+00:00","breadcrumb":{"@id":"https:\/\/pomoc.cencert.pl\/ru\/%d0%ba%d0%be%d0%bd%d1%82%d0%b0%d0%ba%d1%82\/#breadcrumb"},"inLanguage":"ru-RU","potentialAction":[{"@type":"ReadAction","target":["https:\/\/pomoc.cencert.pl\/ru\/%d0%ba%d0%be%d0%bd%d1%82%d0%b0%d0%ba%d1%82\/"]}]},{"@type":"ImageObject","inLanguage":"ru-RU","@id":"https:\/\/pomoc.cencert.pl\/ru\/%d0%ba%d0%be%d0%bd%d1%82%d0%b0%d0%ba%d1%82\/#primaryimage","url":"https:\/\/pomoc.cencert.pl\/wp-content\/plugins\/wpforms\/assets\/images\/submit-spin.svg","contentUrl":"https:\/\/pomoc.cencert.pl\/wp-content\/plugins\/wpforms\/assets\/images\/submit-spin.svg"},{"@type":"BreadcrumbList","@id":"https:\/\/pomoc.cencert.pl\/ru\/%d0%ba%d0%be%d0%bd%d1%82%d0%b0%d0%ba%d1%82\/#breadcrumb","itemListElement":[{"@type":"ListItem","position":1,"name":"Strona g\u0142\u00f3wna","item":"https:\/\/pomoc.cencert.pl\/ru\/%d0%b4%d0%be%d0%bc%d0%b0%d1%88%d0%bd%d1%8f%d1%8f-%d1%81%d1%82%d1%80%d0%b0%d0%bd%d0%b8%d1%86%d0%b0\/"},{"@type":"ListItem","position":2,"name":"\u041a\u043e\u043d\u0442\u0430\u043a\u0442"}]},{"@type":"WebSite","@id":"https:\/\/pomoc.cencert.pl\/ru\/#website","url":"https:\/\/pomoc.cencert.pl\/ru\/","name":"Strona pomocy Cencert","description":"Strona pomocy Cencert","publisher":{"@id":"https:\/\/pomoc.cencert.pl\/ru\/#organization"},"potentialAction":[{"@type":"SearchAction","target":{"@type":"EntryPoint","urlTemplate":"https:\/\/pomoc.cencert.pl\/ru\/?s={search_term_string}"},"query-input":{"@type":"PropertyValueSpecification","valueRequired":true,"valueName":"search_term_string"}}],"inLanguage":"ru-RU"},{"@type":"Organization","@id":"https:\/\/pomoc.cencert.pl\/ru\/#organization","name":"Strona pomocy Cencert","url":"https:\/\/pomoc.cencert.pl\/ru\/","logo":{"@type":"ImageObject","inLanguage":"ru-RU","@id":"https:\/\/pomoc.cencert.pl\/ru\/#\/schema\/logo\/image\/","url":"https:\/\/pomoc.cencert.pl\/wp-content\/uploads\/2024\/07\/POMOC3.png","contentUrl":"https:\/\/pomoc.cencert.pl\/wp-content\/uploads\/2024\/07\/POMOC3.png","width":2000,"height":400,"caption":"Strona pomocy Cencert"},"image":{"@id":"https:\/\/pomoc.cencert.pl\/ru\/#\/schema\/logo\/image\/"}}]}},"_links":{"self":[{"href":"https:\/\/pomoc.cencert.pl\/ru\/wp-json\/wp\/v2\/pages\/16219","targetHints":{"allow":["GET"]}}],"collection":[{"href":"https:\/\/pomoc.cencert.pl\/ru\/wp-json\/wp\/v2\/pages"}],"about":[{"href":"https:\/\/pomoc.cencert.pl\/ru\/wp-json\/wp\/v2\/types\/page"}],"author":[{"embeddable":true,"href":"https:\/\/pomoc.cencert.pl\/ru\/wp-json\/wp\/v2\/users\/543"}],"replies":[{"embeddable":true,"href":"https:\/\/pomoc.cencert.pl\/ru\/wp-json\/wp\/v2\/comments?post=16219"}],"version-history":[{"count":3,"href":"https:\/\/pomoc.cencert.pl\/ru\/wp-json\/wp\/v2\/pages\/16219\/revisions"}],"predecessor-version":[{"id":16337,"href":"https:\/\/pomoc.cencert.pl\/ru\/wp-json\/wp\/v2\/pages\/16219\/revisions\/16337"}],"wp:attachment":[{"href":"https:\/\/pomoc.cencert.pl\/ru\/wp-json\/wp\/v2\/media?parent=16219"}],"curies":[{"name":"wp","href":"https:\/\/api.w.org\/{rel}","templated":true}]}}